{"id":1989,"date":"2020-11-11T18:58:18","date_gmt":"2020-11-11T18:58:18","guid":{"rendered":"https:\/\/lamira.true-emotions.studio\/?page_id=1989"},"modified":"2025-01-09T09:36:35","modified_gmt":"2025-01-09T09:36:35","slug":"chi-siamo","status":"publish","type":"page","link":"https:\/\/ceramichouse.eu\/en\/chi-siamo\/","title":{"rendered":"About us"},"content":{"rendered":"\t\t<div data-elementor-type=\"wp-page\" data-elementor-id=\"1989\" class=\"elementor elementor-1989\" data-elementor-post-type=\"page\">\n\t\t\t\t\t\t<section class=\"elementor-section elementor-top-section elementor-element elementor-element-ff35d45 elementor-section-boxed elementor-section-height-default elementor-section-height-default\" data-id=\"ff35d45\" data-element_type=\"section\" data-e-type=\"section\" data-settings=\"{&quot;background_background&quot;:&quot;classic&quot;}\">\n\t\t\t\t\t\t<div class=\"elementor-container elementor-column-gap-default\">\n\t\t\t\t\t<div class=\"elementor-column elementor-col-100 elementor-top-column elementor-element elementor-element-6c11ccf\" data-id=\"6c11ccf\" data-element_type=\"column\" data-e-type=\"column\">\n\t\t\t<div class=\"elementor-widget-wrap elementor-element-populated\">\n\t\t\t\t\t\t<section class=\"elementor-section elementor-inner-section elementor-element elementor-element-cc5388b elementor-section-content-middle elementor-section-full_width elementor-section-height-default elementor-section-height-default\" data-id=\"cc5388b\" data-element_type=\"section\" data-e-type=\"section\" data-settings=\"{&quot;background_background&quot;:&quot;classic&quot;}\">\n\t\t\t\t\t\t<div class=\"elementor-container elementor-column-gap-default\">\n\t\t\t\t\t<div class=\"elementor-column elementor-col-50 elementor-inner-column elementor-element elementor-element-078b324\" data-id=\"078b324\" data-element_type=\"column\" data-e-type=\"column\">\n\t\t\t<div class=\"elementor-widget-wrap elementor-element-populated\">\n\t\t\t\t\t\t<div class=\"elementor-element elementor-element-189adb7 elementor-widget-mobile__width-inherit elementor-widget elementor-widget-heading\" data-id=\"189adb7\" data-element_type=\"widget\" data-e-type=\"widget\" data-widget_type=\"heading.default\">\n\t\t\t\t<div class=\"elementor-widget-container\">\n\t\t\t\t\t<h2 class=\"elementor-heading-title elementor-size-default\">Ceramic House<\/h2>\t\t\t\t<\/div>\n\t\t\t\t<\/div>\n\t\t\t\t<div class=\"elementor-element elementor-element-3242153 elementor-widget-tablet__width-initial elementor-widget elementor-widget-text-editor\" data-id=\"3242153\" data-element_type=\"widget\" data-e-type=\"widget\" data-widget_type=\"text-editor.default\">\n\t\t\t\t<div class=\"elementor-widget-container\">\n\t\t\t\t\t\t\t\t\t<p>\u00e8 un&#8217;azienda con una lunga tradizione nel settore delle ceramiche e porcellane. Specializzati nella fornitura di tazze e tazzine da caff\u00e8 per torrefazioni, il nostro core business si concentra sulla produzione di porcellana dura, nota per la sua eccezionale resistenza agli sbalzi di temperatura e alle sbeccature. Le nostre tazze, decorate con finiture brillanti e durature, sono progettate con una forma e uno spessore ideali per esaltare al meglio il gusto del caff\u00e8.<\/p><p>Negli ultimi anni, abbiamo ampliato la nostra offerta per rispondere a ogni esigenza nel settore della ristorazione. Oltre alla nostra produzione classica di tazze da caff\u00e8, abbiamo introdotto una nuova linea di <strong>piatti<\/strong> e <strong>accessori per la tavola e la cucina<\/strong>, sempre realizzati con la stessa qualit\u00e0 della nostra porcellana e ceramica. Questo ci permette di offrire soluzioni complete per soddisfare le diverse necessit\u00e0 del mondo Ho.Re.Ca.<\/p>\t\t\t\t\t\t\t\t<\/div>\n\t\t\t\t<\/div>\n\t\t\t\t\t<\/div>\n\t\t<\/div>\n\t\t\t\t<div class=\"elementor-column elementor-col-50 elementor-inner-column elementor-element elementor-element-4209ee3\" data-id=\"4209ee3\" data-element_type=\"column\" data-e-type=\"column\">\n\t\t\t<div class=\"elementor-widget-wrap elementor-element-populated\">\n\t\t\t\t\t\t<div class=\"elementor-element elementor-element-40b58f6 elementor-widget elementor-widget-image\" data-id=\"40b58f6\" data-element_type=\"widget\" data-e-type=\"widget\" data-widget_type=\"image.default\">\n\t\t\t\t<div class=\"elementor-widget-container\">\n\t\t\t\t\t\t\t\t\t\t\t\t\t\t\t<img fetchpriority=\"high\" decoding=\"async\" width=\"1024\" height=\"682\" src=\"https:\/\/ceramichouse.eu\/wp-content\/uploads\/2024\/09\/logo_tazza3-1024x682.png\" class=\"attachment-large size-large wp-image-7039\" alt=\"Tazza da caff\u00e8 con logo Ceramic House\" srcset=\"https:\/\/ceramichouse.eu\/wp-content\/uploads\/2024\/09\/logo_tazza3-1024x682.png 1024w, https:\/\/ceramichouse.eu\/wp-content\/uploads\/2024\/09\/logo_tazza3-600x400.png 600w, https:\/\/ceramichouse.eu\/wp-content\/uploads\/2024\/09\/logo_tazza3-300x200.png 300w, https:\/\/ceramichouse.eu\/wp-content\/uploads\/2024\/09\/logo_tazza3-768x512.png 768w, https:\/\/ceramichouse.eu\/wp-content\/uploads\/2024\/09\/logo_tazza3-1536x1024.png 1536w, https:\/\/ceramichouse.eu\/wp-content\/uploads\/2024\/09\/logo_tazza3-800x533.png 800w, https:\/\/ceramichouse.eu\/wp-content\/uploads\/2024\/09\/logo_tazza3-160x107.png 160w, https:\/\/ceramichouse.eu\/wp-content\/uploads\/2024\/09\/logo_tazza3-120x80.png 120w, https:\/\/ceramichouse.eu\/wp-content\/uploads\/2024\/09\/logo_tazza3.png 2000w\" sizes=\"(max-width: 1024px) 100vw, 1024px\" \/>\t\t\t\t\t\t\t\t\t\t\t\t\t\t\t<\/div>\n\t\t\t\t<\/div>\n\t\t\t\t\t<\/div>\n\t\t<\/div>\n\t\t\t\t\t<\/div>\n\t\t<\/section>\n\t\t\t\t\t<\/div>\n\t\t<\/div>\n\t\t\t\t\t<\/div>\n\t\t<\/section>\n\t\t\t\t<section class=\"elementor-section elementor-top-section elementor-element elementor-element-973e679 animated-slow elementor-section-content-middle elementor-section-boxed elementor-section-height-default elementor-section-height-default\" data-id=\"973e679\" data-element_type=\"section\" data-e-type=\"section\" data-settings=\"{&quot;animation&quot;:&quot;none&quot;,&quot;background_background&quot;:&quot;classic&quot;}\">\n\t\t\t\t\t\t<div class=\"elementor-container elementor-column-gap-default\">\n\t\t\t\t\t<div class=\"elementor-column elementor-col-33 elementor-top-column elementor-element elementor-element-862c354 animated-slow\" data-id=\"862c354\" data-element_type=\"column\" data-e-type=\"column\" data-settings=\"{&quot;animation&quot;:&quot;none&quot;,&quot;animation_delay&quot;:0.2}\">\n\t\t\t<div class=\"elementor-widget-wrap elementor-element-populated\">\n\t\t\t\t\t\t<div class=\"elementor-element elementor-element-01f31b3 elementor-widget elementor-widget-counter\" data-id=\"01f31b3\" data-element_type=\"widget\" data-e-type=\"widget\" data-widget_type=\"counter.default\">\n\t\t\t\t<div class=\"elementor-widget-container\">\n\t\t\t\t\t\t\t<div class=\"elementor-counter\">\n\t\t\t<div class=\"elementor-counter-title\">Anni di Esperienza<\/div>\t\t\t<div class=\"elementor-counter-number-wrapper\">\n\t\t\t\t<span class=\"elementor-counter-number-prefix\"><\/span>\n\t\t\t\t<span class=\"elementor-counter-number\" data-duration=\"5000\" data-to-value=\"10\" data-from-value=\"0\" data-delimiter=\",\">0<\/span>\n\t\t\t\t<span class=\"elementor-counter-number-suffix\">+<\/span>\n\t\t\t<\/div>\n\t\t<\/div>\n\t\t\t\t\t\t<\/div>\n\t\t\t\t<\/div>\n\t\t\t\t\t<\/div>\n\t\t<\/div>\n\t\t\t\t<div class=\"elementor-column elementor-col-33 elementor-top-column elementor-element elementor-element-99d91fc animated-slow\" data-id=\"99d91fc\" data-element_type=\"column\" data-e-type=\"column\" data-settings=\"{&quot;animation&quot;:&quot;none&quot;,&quot;animation_delay&quot;:0.4}\">\n\t\t\t<div class=\"elementor-widget-wrap elementor-element-populated\">\n\t\t\t\t\t\t<div class=\"elementor-element elementor-element-700e206 elementor-widget elementor-widget-counter\" data-id=\"700e206\" data-element_type=\"widget\" data-e-type=\"widget\" data-widget_type=\"counter.default\">\n\t\t\t\t<div class=\"elementor-widget-container\">\n\t\t\t\t\t\t\t<div class=\"elementor-counter\">\n\t\t\t<div class=\"elementor-counter-title\">Prodotti Disponibili<\/div>\t\t\t<div class=\"elementor-counter-number-wrapper\">\n\t\t\t\t<span class=\"elementor-counter-number-prefix\"><\/span>\n\t\t\t\t<span class=\"elementor-counter-number\" data-duration=\"5000\" data-to-value=\"100\" data-from-value=\"0\" data-delimiter=\",\">0<\/span>\n\t\t\t\t<span class=\"elementor-counter-number-suffix\">+<\/span>\n\t\t\t<\/div>\n\t\t<\/div>\n\t\t\t\t\t\t<\/div>\n\t\t\t\t<\/div>\n\t\t\t\t\t<\/div>\n\t\t<\/div>\n\t\t\t\t<div class=\"elementor-column elementor-col-33 elementor-top-column elementor-element elementor-element-c13135d animated-slow\" data-id=\"c13135d\" data-element_type=\"column\" data-e-type=\"column\" data-settings=\"{&quot;animation&quot;:&quot;none&quot;,&quot;animation_delay&quot;:0.8}\">\n\t\t\t<div class=\"elementor-widget-wrap elementor-element-populated\">\n\t\t\t\t\t\t<div class=\"elementor-element elementor-element-7f6edf5 elementor-widget elementor-widget-counter\" data-id=\"7f6edf5\" data-element_type=\"widget\" data-e-type=\"widget\" data-widget_type=\"counter.default\">\n\t\t\t\t<div class=\"elementor-widget-container\">\n\t\t\t\t\t\t\t<div class=\"elementor-counter\">\n\t\t\t<div class=\"elementor-counter-title\">Clienti Soddisfatti<\/div>\t\t\t<div class=\"elementor-counter-number-wrapper\">\n\t\t\t\t<span class=\"elementor-counter-number-prefix\"><\/span>\n\t\t\t\t<span class=\"elementor-counter-number\" data-duration=\"5000\" data-to-value=\"200\" data-from-value=\"0\" data-delimiter=\",\">0<\/span>\n\t\t\t\t<span class=\"elementor-counter-number-suffix\">+<\/span>\n\t\t\t<\/div>\n\t\t<\/div>\n\t\t\t\t\t\t<\/div>\n\t\t\t\t<\/div>\n\t\t\t\t\t<\/div>\n\t\t<\/div>\n\t\t\t\t\t<\/div>\n\t\t<\/section>\n\t\t\t\t<section class=\"elementor-section elementor-top-section elementor-element elementor-element-b2d5b09 elementor-section-boxed elementor-section-height-default elementor-section-height-default\" data-id=\"b2d5b09\" data-element_type=\"section\" data-e-type=\"section\" data-settings=\"{&quot;background_background&quot;:&quot;classic&quot;}\">\n\t\t\t\t\t\t<div class=\"elementor-container elementor-column-gap-default\">\n\t\t\t\t\t<div class=\"elementor-column elementor-col-100 elementor-top-column elementor-element elementor-element-58f7734\" data-id=\"58f7734\" data-element_type=\"column\" data-e-type=\"column\">\n\t\t\t<div class=\"elementor-widget-wrap elementor-element-populated\">\n\t\t\t\t\t\t<section class=\"elementor-section elementor-inner-section elementor-element elementor-element-22a56f9 elementor-section-content-middle elementor-section-full_width elementor-section-height-default elementor-section-height-default\" data-id=\"22a56f9\" data-element_type=\"section\" data-e-type=\"section\" data-settings=\"{&quot;background_background&quot;:&quot;classic&quot;}\">\n\t\t\t\t\t\t<div class=\"elementor-container elementor-column-gap-default\">\n\t\t\t\t\t<div class=\"elementor-column elementor-col-50 elementor-inner-column elementor-element elementor-element-1c9bd8c\" data-id=\"1c9bd8c\" data-element_type=\"column\" data-e-type=\"column\" data-settings=\"{&quot;background_background&quot;:&quot;classic&quot;}\">\n\t\t\t<div class=\"elementor-widget-wrap elementor-element-populated\">\n\t\t\t\t\t\t<div class=\"elementor-element elementor-element-34a3d6d elementor-widget elementor-widget-video\" data-id=\"34a3d6d\" data-element_type=\"widget\" data-e-type=\"widget\" data-settings=\"{&quot;video_type&quot;:&quot;hosted&quot;,&quot;autoplay&quot;:&quot;yes&quot;,&quot;play_on_mobile&quot;:&quot;yes&quot;,&quot;mute&quot;:&quot;yes&quot;,&quot;loop&quot;:&quot;yes&quot;}\" data-widget_type=\"video.default\">\n\t\t\t\t<div class=\"elementor-widget-container\">\n\t\t\t\t\t\t\t<div class=\"e-hosted-video elementor-wrapper elementor-open-inline\">\n\t\t\t\t\t<video class=\"elementor-video\" src=\"https:\/\/ceramichouse.eu\/wp-content\/uploads\/2024\/12\/caffevid.mp4\" autoplay=\"\" loop=\"\" muted=\"muted\" playsinline=\"\" controlsList=\"nodownload\"><\/video>\n\t\t\t\t<\/div>\n\t\t\t\t\t\t<\/div>\n\t\t\t\t<\/div>\n\t\t\t\t\t<\/div>\n\t\t<\/div>\n\t\t\t\t<div class=\"elementor-column elementor-col-50 elementor-inner-column elementor-element elementor-element-bcf9592\" data-id=\"bcf9592\" data-element_type=\"column\" data-e-type=\"column\">\n\t\t\t<div class=\"elementor-widget-wrap elementor-element-populated\">\n\t\t\t\t\t\t<div class=\"elementor-element elementor-element-605ac45 e-n-tabs-mobile elementor-widget elementor-widget-n-tabs\" data-id=\"605ac45\" data-element_type=\"widget\" data-e-type=\"widget\" data-settings=\"{&quot;tabs_justify_horizontal&quot;:&quot;start&quot;,&quot;horizontal_scroll&quot;:&quot;disable&quot;}\" data-widget_type=\"nested-tabs.default\">\n\t\t\t\t<div class=\"elementor-widget-container\">\n\t\t\t\t\t\t\t<div class=\"e-n-tabs\" data-widget-number=\"101035077\" aria-label=\"Schede. Apri gli elementi con Invio o Spazio, chiudili con Esc e naviga con i tasti freccia.\">\n\t\t\t<div class=\"e-n-tabs-heading\" role=\"tablist\">\n\t\t\t\t\t<button id=\"e-n-tab-title-1010350771\" data-tab-title-id=\"e-n-tab-title-1010350771\" class=\"e-n-tab-title\" aria-selected=\"true\" data-tab-index=\"1\" role=\"tab\" tabindex=\"0\" aria-controls=\"e-n-tab-content-1010350771\" style=\"--n-tabs-title-order: 1;\">\n\t\t\t\t\t\t<span class=\"e-n-tab-title-text\">\n\t\t\t\tMission\t\t\t<\/span>\n\t\t<\/button>\n\t\t\t\t<button id=\"e-n-tab-title-1010350772\" data-tab-title-id=\"e-n-tab-title-1010350772\" class=\"e-n-tab-title\" aria-selected=\"false\" data-tab-index=\"2\" role=\"tab\" tabindex=\"-1\" aria-controls=\"e-n-tab-content-1010350772\" style=\"--n-tabs-title-order: 2;\">\n\t\t\t\t\t\t<span class=\"e-n-tab-title-text\">\n\t\t\t\tVision\t\t\t<\/span>\n\t\t<\/button>\n\t\t\t\t\t<\/div>\n\t\t\t<div class=\"e-n-tabs-content\">\n\t\t\t\t<div id=\"e-n-tab-content-1010350771\" role=\"tabpanel\" aria-labelledby=\"e-n-tab-title-1010350771\" data-tab-index=\"1\" style=\"--n-tabs-title-order: 1;\" class=\"e-active elementor-element elementor-element-f1714af e-con-full e-flex e-con e-child\" data-id=\"f1714af\" data-element_type=\"container\" data-e-type=\"container\">\n\t\t<div class=\"elementor-element elementor-element-3b394bc e-flex e-con-boxed e-con e-child\" data-id=\"3b394bc\" data-element_type=\"container\" data-e-type=\"container\">\n\t\t\t\t\t<div class=\"e-con-inner\">\n\t\t\t\t<div class=\"elementor-element elementor-element-adea0f6 elementor-widget elementor-widget-text-editor\" data-id=\"adea0f6\" data-element_type=\"widget\" data-e-type=\"widget\" data-widget_type=\"text-editor.default\">\n\t\t\t\t<div class=\"elementor-widget-container\">\n\t\t\t\t\t\t\t\t\t<p>La nostra missione \u00e8 fornire soluzioni di alta qualit\u00e0 nel settore delle ceramiche e porcellane, con un&#8217;attenzione particolare alle esigenze di torrefazioni e ristorazione. Attraverso prodotti resistenti, funzionali ed esteticamente curati, ci impegniamo a esaltare l&#8217;esperienza del caff\u00e8 e a valorizzare le tavole dei nostri clienti. Innoviamo costantemente per offrire una gamma sempre pi\u00f9 ampia, mantenendo alti standard di qualit\u00e0 e personalizzazione.<\/p>\t\t\t\t\t\t\t\t<\/div>\n\t\t\t\t<\/div>\n\t\t\t\t\t<\/div>\n\t\t\t\t<\/div>\n\t\t\t\t<\/div>\n\t\t<div id=\"e-n-tab-content-1010350772\" role=\"tabpanel\" aria-labelledby=\"e-n-tab-title-1010350772\" data-tab-index=\"2\" style=\"--n-tabs-title-order: 2;\" class=\" elementor-element elementor-element-6726dde e-con-full e-flex e-con e-child\" data-id=\"6726dde\" data-element_type=\"container\" data-e-type=\"container\">\n\t\t<div class=\"elementor-element elementor-element-2a3a674 e-flex e-con-boxed e-con e-child\" data-id=\"2a3a674\" data-element_type=\"container\" data-e-type=\"container\">\n\t\t\t\t\t<div class=\"e-con-inner\">\n\t\t\t\t<div class=\"elementor-element elementor-element-90e4a2b elementor-widget elementor-widget-text-editor\" data-id=\"90e4a2b\" data-element_type=\"widget\" data-e-type=\"widget\" data-widget_type=\"text-editor.default\">\n\t\t\t\t<div class=\"elementor-widget-container\">\n\t\t\t\t\t\t\t\t\t<div class=\"flex max-w-full flex-col flex-grow\"><div class=\"min-h-[20px] text-message flex w-full flex-col items-end gap-2 whitespace-normal break-words [.text-message+&amp;]:mt-5\" dir=\"auto\" data-message-author-role=\"assistant\" data-message-id=\"f04ec2a9-5844-471e-83e5-3f094bd597ea\"><div class=\"flex w-full flex-col gap-1 empty:hidden first:pt-[3px]\"><div class=\"markdown prose w-full break-words dark:prose-invert light\"><p>La nostra visione \u00e8 diventare un punto di riferimento globale nel mercato delle porcellane e ceramiche, riconosciuti per la nostra capacit\u00e0 di combinare tradizione e innovazione. Vogliamo essere i partner di fiducia per chi cerca prodotti che uniscano bellezza, durabilit\u00e0 e funzionalit\u00e0, contribuendo a creare esperienze memorabili sia nella ristorazione che nelle case di tutto il mondo.<\/p><\/div><\/div><\/div><\/div>\t\t\t\t\t\t\t\t<\/div>\n\t\t\t\t<\/div>\n\t\t\t\t\t<\/div>\n\t\t\t\t<\/div>\n\t\t\t\t<\/div>\n\t\t\t\t\t<\/div>\n\t\t<\/div>\n\t\t\t\t\t\t<\/div>\n\t\t\t\t<\/div>\n\t\t\t\t\t<\/div>\n\t\t<\/div>\n\t\t\t\t\t<\/div>\n\t\t<\/section>\n\t\t\t\t\t<\/div>\n\t\t<\/div>\n\t\t\t\t\t<\/div>\n\t\t<\/section>\n\t\t\t\t<\/div>\n\t\t","protected":false},"excerpt":{"rendered":"<p>Ceramic House \u00e8 un&#8217;azienda con una lunga tradizione nel settore delle ceramiche e porcellane. Specializzati nella fornitura di tazze e tazzine da caff\u00e8 per torrefazioni, il nostro core business si concentra sulla produzione di porcellana dura, nota per la sua eccezionale resistenza agli sbalzi di temperatura e alle sbeccature. Le nostre tazze, decorate con finiture [&hellip;]<\/p>\n","protected":false},"author":1,"featured_media":0,"parent":0,"menu_order":0,"comment_status":"closed","ping_status":"closed","template":"elementor_header_footer","meta":{"footnotes":""},"class_list":["post-1989","page","type-page","status-publish","hentry"],"yoast_head":"<!-- This site is optimized with the Yoast SEO plugin v27.5 - https:\/\/yoast.com\/product\/yoast-seo-wordpress\/ -->\n<title>Azienda specializzata in fornitura di tazze da caff\u00e8 per torrefazioni - Ceramic House<\/title>\n<meta name=\"description\" content=\"Da anni ci occupiamo di forniture di tazze da caff\u00e8 per torrefazioni con passione e cura per il dettaglio. Scopri la nostra tradizione.\" \/>\n<meta name=\"robots\" content=\"index, follow, max-snippet:-1, max-image-preview:large, max-video-preview:-1\" \/>\n<link rel=\"canonical\" href=\"https:\/\/ceramichouse.eu\/en\/chi-siamo\/\" \/>\n<meta property=\"og:locale\" content=\"en_GB\" \/>\n<meta property=\"og:type\" content=\"article\" \/>\n<meta property=\"og:title\" content=\"Azienda specializzata in fornitura di tazze da caff\u00e8 per torrefazioni - Ceramic House\" \/>\n<meta property=\"og:description\" content=\"Da anni ci occupiamo di forniture di tazze da caff\u00e8 per torrefazioni con passione e cura per il dettaglio. Scopri la nostra tradizione.\" \/>\n<meta property=\"og:url\" content=\"https:\/\/ceramichouse.eu\/en\/chi-siamo\/\" \/>\n<meta property=\"og:site_name\" content=\"Ceramic House\" \/>\n<meta property=\"article:modified_time\" content=\"2025-01-09T09:36:35+00:00\" \/>\n<meta property=\"og:image\" content=\"https:\/\/ceramichouse.eu\/wp-content\/uploads\/2024\/09\/logo_tazza3-1024x682.png\" \/>\n<meta name=\"twitter:card\" content=\"summary_large_image\" \/>\n<meta name=\"twitter:label1\" content=\"Estimated reading time\" \/>\n\t<meta name=\"twitter:data1\" content=\"3 minutes\" \/>\n<script type=\"application\/ld+json\" class=\"yoast-schema-graph\">{\"@context\":\"https:\\\/\\\/schema.org\",\"@graph\":[{\"@type\":\"WebPage\",\"@id\":\"https:\\\/\\\/ceramichouse.eu\\\/chi-siamo\\\/\",\"url\":\"https:\\\/\\\/ceramichouse.eu\\\/chi-siamo\\\/\",\"name\":\"Azienda specializzata in fornitura di tazze da caff\u00e8 per torrefazioni - Ceramic House\",\"isPartOf\":{\"@id\":\"https:\\\/\\\/ceramichouse.eu\\\/#website\"},\"primaryImageOfPage\":{\"@id\":\"https:\\\/\\\/ceramichouse.eu\\\/chi-siamo\\\/#primaryimage\"},\"image\":{\"@id\":\"https:\\\/\\\/ceramichouse.eu\\\/chi-siamo\\\/#primaryimage\"},\"thumbnailUrl\":\"https:\\\/\\\/ceramichouse.eu\\\/wp-content\\\/uploads\\\/2024\\\/09\\\/logo_tazza3-1024x682.png\",\"datePublished\":\"2020-11-11T18:58:18+00:00\",\"dateModified\":\"2025-01-09T09:36:35+00:00\",\"description\":\"Da anni ci occupiamo di forniture di tazze da caff\u00e8 per torrefazioni con passione e cura per il dettaglio. Scopri la nostra tradizione.\",\"breadcrumb\":{\"@id\":\"https:\\\/\\\/ceramichouse.eu\\\/chi-siamo\\\/#breadcrumb\"},\"inLanguage\":\"en-GB\",\"potentialAction\":[{\"@type\":\"ReadAction\",\"target\":[\"https:\\\/\\\/ceramichouse.eu\\\/chi-siamo\\\/\"]}]},{\"@type\":\"ImageObject\",\"inLanguage\":\"en-GB\",\"@id\":\"https:\\\/\\\/ceramichouse.eu\\\/chi-siamo\\\/#primaryimage\",\"url\":\"https:\\\/\\\/ceramichouse.eu\\\/wp-content\\\/uploads\\\/2024\\\/09\\\/logo_tazza3-1024x682.png\",\"contentUrl\":\"https:\\\/\\\/ceramichouse.eu\\\/wp-content\\\/uploads\\\/2024\\\/09\\\/logo_tazza3-1024x682.png\"},{\"@type\":\"BreadcrumbList\",\"@id\":\"https:\\\/\\\/ceramichouse.eu\\\/chi-siamo\\\/#breadcrumb\",\"itemListElement\":[{\"@type\":\"ListItem\",\"position\":1,\"name\":\"Home\",\"item\":\"https:\\\/\\\/ceramichouse.eu\\\/\"},{\"@type\":\"ListItem\",\"position\":2,\"name\":\"Chi siamo\"}]},{\"@type\":\"WebSite\",\"@id\":\"https:\\\/\\\/ceramichouse.eu\\\/#website\",\"url\":\"https:\\\/\\\/ceramichouse.eu\\\/\",\"name\":\"Ceramic House\",\"description\":\"Ceramic House: Tazze e Accessori personalizzati a Rho\",\"publisher\":{\"@id\":\"https:\\\/\\\/ceramichouse.eu\\\/#organization\"},\"potentialAction\":[{\"@type\":\"SearchAction\",\"target\":{\"@type\":\"EntryPoint\",\"urlTemplate\":\"https:\\\/\\\/ceramichouse.eu\\\/?s={search_term_string}\"},\"query-input\":{\"@type\":\"PropertyValueSpecification\",\"valueRequired\":true,\"valueName\":\"search_term_string\"}}],\"inLanguage\":\"en-GB\"},{\"@type\":\"Organization\",\"@id\":\"https:\\\/\\\/ceramichouse.eu\\\/#organization\",\"name\":\"Ceramic House\",\"url\":\"https:\\\/\\\/ceramichouse.eu\\\/\",\"logo\":{\"@type\":\"ImageObject\",\"inLanguage\":\"en-GB\",\"@id\":\"https:\\\/\\\/ceramichouse.eu\\\/#\\\/schema\\\/logo\\\/image\\\/\",\"url\":\"https:\\\/\\\/ceramichouse.eu\\\/wp-content\\\/uploads\\\/2025\\\/01\\\/LOGO_white.png\",\"contentUrl\":\"https:\\\/\\\/ceramichouse.eu\\\/wp-content\\\/uploads\\\/2025\\\/01\\\/LOGO_white.png\",\"width\":500,\"height\":505,\"caption\":\"Ceramic House\"},\"image\":{\"@id\":\"https:\\\/\\\/ceramichouse.eu\\\/#\\\/schema\\\/logo\\\/image\\\/\"},\"sameAs\":[\"https:\\\/\\\/www.instagram.com\\\/ch_ceramic.house\\\/\"]}]}<\/script>\n<!-- \/ Yoast SEO plugin. -->","yoast_head_json":{"title":"Azienda specializzata in fornitura di tazze da caff\u00e8 per torrefazioni - Ceramic House","description":"Da anni ci occupiamo di forniture di tazze da caff\u00e8 per torrefazioni con passione e cura per il dettaglio. Scopri la nostra tradizione.","robots":{"index":"index","follow":"follow","max-snippet":"max-snippet:-1","max-image-preview":"max-image-preview:large","max-video-preview":"max-video-preview:-1"},"canonical":"https:\/\/ceramichouse.eu\/en\/chi-siamo\/","og_locale":"en_GB","og_type":"article","og_title":"Azienda specializzata in fornitura di tazze da caff\u00e8 per torrefazioni - Ceramic House","og_description":"Da anni ci occupiamo di forniture di tazze da caff\u00e8 per torrefazioni con passione e cura per il dettaglio. Scopri la nostra tradizione.","og_url":"https:\/\/ceramichouse.eu\/en\/chi-siamo\/","og_site_name":"Ceramic House","article_modified_time":"2025-01-09T09:36:35+00:00","og_image":[{"url":"https:\/\/ceramichouse.eu\/wp-content\/uploads\/2024\/09\/logo_tazza3-1024x682.png","type":"","width":"","height":""}],"twitter_card":"summary_large_image","twitter_misc":{"Estimated reading time":"3 minutes"},"schema":{"@context":"https:\/\/schema.org","@graph":[{"@type":"WebPage","@id":"https:\/\/ceramichouse.eu\/chi-siamo\/","url":"https:\/\/ceramichouse.eu\/chi-siamo\/","name":"Azienda specializzata in fornitura di tazze da caff\u00e8 per torrefazioni - Ceramic House","isPartOf":{"@id":"https:\/\/ceramichouse.eu\/#website"},"primaryImageOfPage":{"@id":"https:\/\/ceramichouse.eu\/chi-siamo\/#primaryimage"},"image":{"@id":"https:\/\/ceramichouse.eu\/chi-siamo\/#primaryimage"},"thumbnailUrl":"https:\/\/ceramichouse.eu\/wp-content\/uploads\/2024\/09\/logo_tazza3-1024x682.png","datePublished":"2020-11-11T18:58:18+00:00","dateModified":"2025-01-09T09:36:35+00:00","description":"Da anni ci occupiamo di forniture di tazze da caff\u00e8 per torrefazioni con passione e cura per il dettaglio. Scopri la nostra tradizione.","breadcrumb":{"@id":"https:\/\/ceramichouse.eu\/chi-siamo\/#breadcrumb"},"inLanguage":"en-GB","potentialAction":[{"@type":"ReadAction","target":["https:\/\/ceramichouse.eu\/chi-siamo\/"]}]},{"@type":"ImageObject","inLanguage":"en-GB","@id":"https:\/\/ceramichouse.eu\/chi-siamo\/#primaryimage","url":"https:\/\/ceramichouse.eu\/wp-content\/uploads\/2024\/09\/logo_tazza3-1024x682.png","contentUrl":"https:\/\/ceramichouse.eu\/wp-content\/uploads\/2024\/09\/logo_tazza3-1024x682.png"},{"@type":"BreadcrumbList","@id":"https:\/\/ceramichouse.eu\/chi-siamo\/#breadcrumb","itemListElement":[{"@type":"ListItem","position":1,"name":"Home","item":"https:\/\/ceramichouse.eu\/"},{"@type":"ListItem","position":2,"name":"Chi siamo"}]},{"@type":"WebSite","@id":"https:\/\/ceramichouse.eu\/#website","url":"https:\/\/ceramichouse.eu\/","name":"Ceramic House","description":"Ceramic House: Tazze e Accessori personalizzati a Rho","publisher":{"@id":"https:\/\/ceramichouse.eu\/#organization"},"potentialAction":[{"@type":"SearchAction","target":{"@type":"EntryPoint","urlTemplate":"https:\/\/ceramichouse.eu\/?s={search_term_string}"},"query-input":{"@type":"PropertyValueSpecification","valueRequired":true,"valueName":"search_term_string"}}],"inLanguage":"en-GB"},{"@type":"Organization","@id":"https:\/\/ceramichouse.eu\/#organization","name":"Ceramic House","url":"https:\/\/ceramichouse.eu\/","logo":{"@type":"ImageObject","inLanguage":"en-GB","@id":"https:\/\/ceramichouse.eu\/#\/schema\/logo\/image\/","url":"https:\/\/ceramichouse.eu\/wp-content\/uploads\/2025\/01\/LOGO_white.png","contentUrl":"https:\/\/ceramichouse.eu\/wp-content\/uploads\/2025\/01\/LOGO_white.png","width":500,"height":505,"caption":"Ceramic House"},"image":{"@id":"https:\/\/ceramichouse.eu\/#\/schema\/logo\/image\/"},"sameAs":["https:\/\/www.instagram.com\/ch_ceramic.house\/"]}]}},"_links":{"self":[{"href":"https:\/\/ceramichouse.eu\/en\/wp-json\/wp\/v2\/pages\/1989","targetHints":{"allow":["GET"]}}],"collection":[{"href":"https:\/\/ceramichouse.eu\/en\/wp-json\/wp\/v2\/pages"}],"about":[{"href":"https:\/\/ceramichouse.eu\/en\/wp-json\/wp\/v2\/types\/page"}],"author":[{"embeddable":true,"href":"https:\/\/ceramichouse.eu\/en\/wp-json\/wp\/v2\/users\/1"}],"replies":[{"embeddable":true,"href":"https:\/\/ceramichouse.eu\/en\/wp-json\/wp\/v2\/comments?post=1989"}],"version-history":[{"count":39,"href":"https:\/\/ceramichouse.eu\/en\/wp-json\/wp\/v2\/pages\/1989\/revisions"}],"predecessor-version":[{"id":8726,"href":"https:\/\/ceramichouse.eu\/en\/wp-json\/wp\/v2\/pages\/1989\/revisions\/8726"}],"wp:attachment":[{"href":"https:\/\/ceramichouse.eu\/en\/wp-json\/wp\/v2\/media?parent=1989"}],"curies":[{"name":"wp","href":"https:\/\/api.w.org\/{rel}","templated":true}]}}