{"id":8370,"date":"2024-11-20T16:12:39","date_gmt":"2024-11-20T16:12:39","guid":{"rendered":"https:\/\/ceramichouse.eu\/?post_type=product&#038;p=8370"},"modified":"2025-01-09T13:52:54","modified_gmt":"2025-01-09T13:52:54","slug":"bollitore","status":"publish","type":"product","link":"https:\/\/ceramichouse.eu\/en\/product\/bollitore\/","title":{"rendered":"Kettle"},"content":{"rendered":"","protected":false},"excerpt":{"rendered":"","protected":false},"featured_media":8372,"template":"","meta":[],"product_brand":[],"product_cat":[214,262],"product_tag":[],"class_list":{"0":"post-8370","1":"product","2":"type-product","3":"status-publish","4":"has-post-thumbnail","6":"product_cat-attrezzatura-bar-caffe","7":"product_cat-bollitori","9":"first","10":"instock","11":"shipping-taxable","12":"product-type-simple"},"yoast_head":"<!-- This site is optimized with the Yoast SEO plugin v27.5 - https:\/\/yoast.com\/product\/yoast-seo-wordpress\/ -->\n<title>Bollitore per Caff\u00e8 - Design e Funzionalit\u00e0 - Ceramic House<\/title>\n<meta name=\"description\" content=\"Scopri il bollitore per caff\u00e8 su Ceramic House: un accessorio elegante e pratico per preparare il caff\u00e8 con precisione. Qualit\u00e0 superiore. Acquista ora!\" \/>\n<meta name=\"robots\" content=\"index, follow, max-snippet:-1, max-image-preview:large, max-video-preview:-1\" \/>\n<link rel=\"canonical\" href=\"https:\/\/ceramichouse.eu\/en\/product\/bollitore\/\" \/>\n<meta property=\"og:locale\" content=\"en_GB\" \/>\n<meta property=\"og:type\" content=\"article\" \/>\n<meta property=\"og:title\" content=\"Bollitore per Caff\u00e8 - Design e Funzionalit\u00e0 - Ceramic House\" \/>\n<meta property=\"og:description\" content=\"Scopri il bollitore per caff\u00e8 su Ceramic House: un accessorio elegante e pratico per preparare il caff\u00e8 con precisione. Qualit\u00e0 superiore. Acquista ora!\" \/>\n<meta property=\"og:url\" content=\"https:\/\/ceramichouse.eu\/en\/product\/bollitore\/\" \/>\n<meta property=\"og:site_name\" content=\"Ceramic House\" \/>\n<meta property=\"article:modified_time\" content=\"2025-01-09T13:52:54+00:00\" \/>\n<meta property=\"og:image\" content=\"https:\/\/ceramichouse.eu\/wp-content\/uploads\/2024\/11\/Ceramic-House-Attrezzature-da-Bar-Caffe-00036.jpg\" \/>\n\t<meta property=\"og:image:width\" content=\"600\" \/>\n\t<meta property=\"og:image:height\" content=\"600\" \/>\n\t<meta property=\"og:image:type\" content=\"image\/jpeg\" \/>\n<meta name=\"twitter:card\" content=\"summary_large_image\" \/>\n<meta name=\"twitter:label1\" content=\"Estimated reading time\" \/>\n\t<meta name=\"twitter:data1\" content=\"1 minute\" \/>\n<script type=\"application\/ld+json\" class=\"yoast-schema-graph\">{\"@context\":\"https:\\\/\\\/schema.org\",\"@graph\":[{\"@type\":\"WebPage\",\"@id\":\"https:\\\/\\\/ceramichouse.eu\\\/prodotto\\\/bollitore\\\/\",\"url\":\"https:\\\/\\\/ceramichouse.eu\\\/prodotto\\\/bollitore\\\/\",\"name\":\"Bollitore per Caff\u00e8 - Design e Funzionalit\u00e0 - Ceramic House\",\"isPartOf\":{\"@id\":\"https:\\\/\\\/ceramichouse.eu\\\/#website\"},\"primaryImageOfPage\":{\"@id\":\"https:\\\/\\\/ceramichouse.eu\\\/prodotto\\\/bollitore\\\/#primaryimage\"},\"image\":{\"@id\":\"https:\\\/\\\/ceramichouse.eu\\\/prodotto\\\/bollitore\\\/#primaryimage\"},\"thumbnailUrl\":\"https:\\\/\\\/ceramichouse.eu\\\/wp-content\\\/uploads\\\/2024\\\/11\\\/Ceramic-House-Attrezzature-da-Bar-Caffe-00036.jpg\",\"datePublished\":\"2024-11-20T16:12:39+00:00\",\"dateModified\":\"2025-01-09T13:52:54+00:00\",\"description\":\"Scopri il bollitore per caff\u00e8 su Ceramic House: un accessorio elegante e pratico per preparare il caff\u00e8 con precisione. Qualit\u00e0 superiore. Acquista ora!\",\"breadcrumb\":{\"@id\":\"https:\\\/\\\/ceramichouse.eu\\\/prodotto\\\/bollitore\\\/#breadcrumb\"},\"inLanguage\":\"en-GB\",\"potentialAction\":[{\"@type\":\"ReadAction\",\"target\":[\"https:\\\/\\\/ceramichouse.eu\\\/prodotto\\\/bollitore\\\/\"]}]},{\"@type\":\"ImageObject\",\"inLanguage\":\"en-GB\",\"@id\":\"https:\\\/\\\/ceramichouse.eu\\\/prodotto\\\/bollitore\\\/#primaryimage\",\"url\":\"https:\\\/\\\/ceramichouse.eu\\\/wp-content\\\/uploads\\\/2024\\\/11\\\/Ceramic-House-Attrezzature-da-Bar-Caffe-00036.jpg\",\"contentUrl\":\"https:\\\/\\\/ceramichouse.eu\\\/wp-content\\\/uploads\\\/2024\\\/11\\\/Ceramic-House-Attrezzature-da-Bar-Caffe-00036.jpg\",\"width\":600,\"height\":600,\"caption\":\"Bollitore per caff\u00e8\"},{\"@type\":\"BreadcrumbList\",\"@id\":\"https:\\\/\\\/ceramichouse.eu\\\/prodotto\\\/bollitore\\\/#breadcrumb\",\"itemListElement\":[{\"@type\":\"ListItem\",\"position\":1,\"name\":\"Home\",\"item\":\"https:\\\/\\\/ceramichouse.eu\\\/\"},{\"@type\":\"ListItem\",\"position\":2,\"name\":\"Catalogo prodotti\",\"item\":\"https:\\\/\\\/ceramichouse.eu\\\/catalogo-prodotti\\\/\"},{\"@type\":\"ListItem\",\"position\":3,\"name\":\"Bollitore\"}]},{\"@type\":\"WebSite\",\"@id\":\"https:\\\/\\\/ceramichouse.eu\\\/#website\",\"url\":\"https:\\\/\\\/ceramichouse.eu\\\/\",\"name\":\"Ceramic House\",\"description\":\"Ceramic House: Tazze e Accessori personalizzati a Rho\",\"publisher\":{\"@id\":\"https:\\\/\\\/ceramichouse.eu\\\/#organization\"},\"potentialAction\":[{\"@type\":\"SearchAction\",\"target\":{\"@type\":\"EntryPoint\",\"urlTemplate\":\"https:\\\/\\\/ceramichouse.eu\\\/?s={search_term_string}\"},\"query-input\":{\"@type\":\"PropertyValueSpecification\",\"valueRequired\":true,\"valueName\":\"search_term_string\"}}],\"inLanguage\":\"en-GB\"},{\"@type\":\"Organization\",\"@id\":\"https:\\\/\\\/ceramichouse.eu\\\/#organization\",\"name\":\"Ceramic House\",\"url\":\"https:\\\/\\\/ceramichouse.eu\\\/\",\"logo\":{\"@type\":\"ImageObject\",\"inLanguage\":\"en-GB\",\"@id\":\"https:\\\/\\\/ceramichouse.eu\\\/#\\\/schema\\\/logo\\\/image\\\/\",\"url\":\"https:\\\/\\\/ceramichouse.eu\\\/wp-content\\\/uploads\\\/2025\\\/01\\\/LOGO_white.png\",\"contentUrl\":\"https:\\\/\\\/ceramichouse.eu\\\/wp-content\\\/uploads\\\/2025\\\/01\\\/LOGO_white.png\",\"width\":500,\"height\":505,\"caption\":\"Ceramic House\"},\"image\":{\"@id\":\"https:\\\/\\\/ceramichouse.eu\\\/#\\\/schema\\\/logo\\\/image\\\/\"},\"sameAs\":[\"https:\\\/\\\/www.instagram.com\\\/ch_ceramic.house\\\/\"]}]}<\/script>\n<!-- \/ Yoast SEO plugin. -->","yoast_head_json":{"title":"Bollitore per Caff\u00e8 - Design e Funzionalit\u00e0 - Ceramic House","description":"Scopri il bollitore per caff\u00e8 su Ceramic House: un accessorio elegante e pratico per preparare il caff\u00e8 con precisione. Qualit\u00e0 superiore. Acquista ora!","robots":{"index":"index","follow":"follow","max-snippet":"max-snippet:-1","max-image-preview":"max-image-preview:large","max-video-preview":"max-video-preview:-1"},"canonical":"https:\/\/ceramichouse.eu\/en\/product\/bollitore\/","og_locale":"en_GB","og_type":"article","og_title":"Bollitore per Caff\u00e8 - Design e Funzionalit\u00e0 - Ceramic House","og_description":"Scopri il bollitore per caff\u00e8 su Ceramic House: un accessorio elegante e pratico per preparare il caff\u00e8 con precisione. Qualit\u00e0 superiore. Acquista ora!","og_url":"https:\/\/ceramichouse.eu\/en\/product\/bollitore\/","og_site_name":"Ceramic House","article_modified_time":"2025-01-09T13:52:54+00:00","og_image":[{"width":600,"height":600,"url":"https:\/\/ceramichouse.eu\/wp-content\/uploads\/2024\/11\/Ceramic-House-Attrezzature-da-Bar-Caffe-00036.jpg","type":"image\/jpeg"}],"twitter_card":"summary_large_image","twitter_misc":{"Estimated reading time":"1 minute"},"schema":{"@context":"https:\/\/schema.org","@graph":[{"@type":"WebPage","@id":"https:\/\/ceramichouse.eu\/prodotto\/bollitore\/","url":"https:\/\/ceramichouse.eu\/prodotto\/bollitore\/","name":"Bollitore per Caff\u00e8 - Design e Funzionalit\u00e0 - Ceramic House","isPartOf":{"@id":"https:\/\/ceramichouse.eu\/#website"},"primaryImageOfPage":{"@id":"https:\/\/ceramichouse.eu\/prodotto\/bollitore\/#primaryimage"},"image":{"@id":"https:\/\/ceramichouse.eu\/prodotto\/bollitore\/#primaryimage"},"thumbnailUrl":"https:\/\/ceramichouse.eu\/wp-content\/uploads\/2024\/11\/Ceramic-House-Attrezzature-da-Bar-Caffe-00036.jpg","datePublished":"2024-11-20T16:12:39+00:00","dateModified":"2025-01-09T13:52:54+00:00","description":"Scopri il bollitore per caff\u00e8 su Ceramic House: un accessorio elegante e pratico per preparare il caff\u00e8 con precisione. Qualit\u00e0 superiore. Acquista ora!","breadcrumb":{"@id":"https:\/\/ceramichouse.eu\/prodotto\/bollitore\/#breadcrumb"},"inLanguage":"en-GB","potentialAction":[{"@type":"ReadAction","target":["https:\/\/ceramichouse.eu\/prodotto\/bollitore\/"]}]},{"@type":"ImageObject","inLanguage":"en-GB","@id":"https:\/\/ceramichouse.eu\/prodotto\/bollitore\/#primaryimage","url":"https:\/\/ceramichouse.eu\/wp-content\/uploads\/2024\/11\/Ceramic-House-Attrezzature-da-Bar-Caffe-00036.jpg","contentUrl":"https:\/\/ceramichouse.eu\/wp-content\/uploads\/2024\/11\/Ceramic-House-Attrezzature-da-Bar-Caffe-00036.jpg","width":600,"height":600,"caption":"Bollitore per caff\u00e8"},{"@type":"BreadcrumbList","@id":"https:\/\/ceramichouse.eu\/prodotto\/bollitore\/#breadcrumb","itemListElement":[{"@type":"ListItem","position":1,"name":"Home","item":"https:\/\/ceramichouse.eu\/"},{"@type":"ListItem","position":2,"name":"Catalogo prodotti","item":"https:\/\/ceramichouse.eu\/catalogo-prodotti\/"},{"@type":"ListItem","position":3,"name":"Bollitore"}]},{"@type":"WebSite","@id":"https:\/\/ceramichouse.eu\/#website","url":"https:\/\/ceramichouse.eu\/","name":"Ceramic House","description":"Ceramic House: Tazze e Accessori personalizzati a Rho","publisher":{"@id":"https:\/\/ceramichouse.eu\/#organization"},"potentialAction":[{"@type":"SearchAction","target":{"@type":"EntryPoint","urlTemplate":"https:\/\/ceramichouse.eu\/?s={search_term_string}"},"query-input":{"@type":"PropertyValueSpecification","valueRequired":true,"valueName":"search_term_string"}}],"inLanguage":"en-GB"},{"@type":"Organization","@id":"https:\/\/ceramichouse.eu\/#organization","name":"Ceramic House","url":"https:\/\/ceramichouse.eu\/","logo":{"@type":"ImageObject","inLanguage":"en-GB","@id":"https:\/\/ceramichouse.eu\/#\/schema\/logo\/image\/","url":"https:\/\/ceramichouse.eu\/wp-content\/uploads\/2025\/01\/LOGO_white.png","contentUrl":"https:\/\/ceramichouse.eu\/wp-content\/uploads\/2025\/01\/LOGO_white.png","width":500,"height":505,"caption":"Ceramic House"},"image":{"@id":"https:\/\/ceramichouse.eu\/#\/schema\/logo\/image\/"},"sameAs":["https:\/\/www.instagram.com\/ch_ceramic.house\/"]}]}},"_links":{"self":[{"href":"https:\/\/ceramichouse.eu\/en\/wp-json\/wp\/v2\/product\/8370","targetHints":{"allow":["GET"]}}],"collection":[{"href":"https:\/\/ceramichouse.eu\/en\/wp-json\/wp\/v2\/product"}],"about":[{"href":"https:\/\/ceramichouse.eu\/en\/wp-json\/wp\/v2\/types\/product"}],"version-history":[{"count":1,"href":"https:\/\/ceramichouse.eu\/en\/wp-json\/wp\/v2\/product\/8370\/revisions"}],"predecessor-version":[{"id":8373,"href":"https:\/\/ceramichouse.eu\/en\/wp-json\/wp\/v2\/product\/8370\/revisions\/8373"}],"wp:featuredmedia":[{"embeddable":true,"href":"https:\/\/ceramichouse.eu\/en\/wp-json\/wp\/v2\/media\/8372"}],"wp:attachment":[{"href":"https:\/\/ceramichouse.eu\/en\/wp-json\/wp\/v2\/media?parent=8370"}],"wp:term":[{"taxonomy":"product_brand","embeddable":true,"href":"https:\/\/ceramichouse.eu\/en\/wp-json\/wp\/v2\/product_brand?post=8370"},{"taxonomy":"product_cat","embeddable":true,"href":"https:\/\/ceramichouse.eu\/en\/wp-json\/wp\/v2\/product_cat?post=8370"},{"taxonomy":"product_tag","embeddable":true,"href":"https:\/\/ceramichouse.eu\/en\/wp-json\/wp\/v2\/product_tag?post=8370"}],"curies":[{"name":"wp","href":"https:\/\/api.w.org\/{rel}","templated":true}]}}